{"id":1137,"date":"2025-01-31T08:58:36","date_gmt":"2025-01-31T08:58:36","guid":{"rendered":"https:\/\/kubafloor.ch\/?page_id=1137"},"modified":"2026-03-27T13:30:32","modified_gmt":"2026-03-27T13:30:32","slug":"karriere","status":"publish","type":"page","link":"https:\/\/kubafloor.ch\/?page_id=1137","title":{"rendered":"Karriere"},"content":{"rendered":"<p>[et_pb_section fb_built=&#187;1&#8243; admin_label=&#187;Hero&#187; _builder_version=&#187;4.27.4&#8243; background_color=&#187;#D6D6D6&#8243; background_image=&#187;https:\/\/kubafloor.ch\/wp-content\/uploads\/2024\/12\/Bodenfarben_-1.jpg&#187; custom_margin=&#187;||||false&#187; custom_padding=&#187;0vw||0vw|86px|true|false&#187; global_colors_info=&#187;{}&#187;][et_pb_row _builder_version=&#187;4.27.4&#8243; min_height=&#187;493.1px&#187; custom_margin=&#187;|auto|3px|auto||&#187; custom_padding=&#187;71px||4px||false|false&#187; global_colors_info=&#187;{}&#187;][et_pb_column type=&#187;4_4&#8243; _builder_version=&#187;4.16&#8243; custom_padding=&#187;|||&#187; global_colors_info=&#187;{}&#187; custom_padding__hover=&#187;|||&#187;][et_pb_text _builder_version=&#187;4.27.4&#8243; text_font=&#187;||||||||&#187; text_text_color=&#187;#000000&#8243; text_font_size=&#187;22px&#187; text_line_height=&#187;1em&#187; header_font=&#187;||||||||&#187; header_text_align=&#187;left&#187; header_text_color=&#187;#FFFFFF&#187; header_font_size=&#187;91px&#187; text_orientation=&#187;center&#187; background_layout=&#187;dark&#187; width=&#187;93%&#187; width_tablet=&#187;93%&#187; width_phone=&#187;100%&#187; width_last_edited=&#187;on|phone&#187; max_width=&#187;1000px&#187; module_alignment=&#187;center&#187; min_height=&#187;85px&#187; max_height=&#187;1000px&#187; custom_margin=&#187;||-1px|||&#187; custom_margin_tablet=&#187;||-1px|||&#187; custom_margin_phone=&#187;50px|15px|50px|15px|true|true&#187; custom_margin_last_edited=&#187;on|phone&#187; custom_padding=&#187;50px||50px|15px|true|false&#187; text_font_size_tablet=&#187;18px&#187; text_font_size_phone=&#187;&#187; text_font_size_last_edited=&#187;on|phone&#187; header_font_size_tablet=&#187;91px&#187; header_font_size_phone=&#187;27px&#187; header_font_size_last_edited=&#187;on|phone&#187; module_alignment_tablet=&#187;center&#187; module_alignment_phone=&#187;center&#187; module_alignment_last_edited=&#187;on|phone&#187; global_colors_info=&#187;{}&#187;]<\/p>\n<h1 style=\"text-align: left;\"><span>Deine Karriere, unser Ziel gemeinsam erfolgreich<\/span><span><\/span><\/h1>\n<p>[\/et_pb_text][\/et_pb_column][\/et_pb_row][\/et_pb_section][et_pb_section fb_built=&#187;1&#8243; admin_label=&#187; Get a Quote&#187; _builder_version=&#187;4.27.4&#8243; min_height=&#187;1756.4px&#187; custom_margin=&#187;-3px|||||&#187; custom_padding=&#187;3vw||3vw||true|false&#187; animation_style=&#187;slide&#187; animation_direction=&#187;top&#187; animation_intensity_slide=&#187;10%&#187; box_shadow_style=&#187;preset3&#8243; box_shadow_vertical=&#187;10px&#187; box_shadow_blur=&#187;105px&#187; box_shadow_spread=&#187;0px&#187; box_shadow_color=&#187;rgba(0,0,0,0.12)&#187; global_colors_info=&#187;{}&#187;][et_pb_row disabled_on=&#187;off|off|off&#187; _builder_version=&#187;4.27.4&#8243; max_width=&#187;1200px&#187; min_height=&#187;225.2px&#187; custom_margin=&#187;2px|auto||auto||&#187; custom_padding=&#187;||||false|false&#187; locked=&#187;off&#187; global_colors_info=&#187;{}&#187;][et_pb_column type=&#187;4_4&#8243; _builder_version=&#187;4.16&#8243; custom_padding=&#187;|||&#187; global_colors_info=&#187;{}&#187; custom_padding__hover=&#187;|||&#187;][et_pb_text _builder_version=&#187;4.27.4&#8243; _module_preset=&#187;default&#187; text_text_color=&#187;#FFFFFF&#187; header_text_color=&#187;#E02B20&#8243; header_2_text_color=&#187;#FFFFFF&#187; global_colors_info=&#187;{}&#187;]<\/p>\n<h1 style=\"text-align: center;\"><span style=\"color: #ef5055;\">Du bringst das Talent, wir die Herausforderung!\u00a0<\/span><\/h1>\n<p>[\/et_pb_text][et_pb_text _builder_version=&#187;4.27.4&#8243; text_font=&#187;||||||||&#187; header_font=&#187;||||||||&#187; header_2_font=&#187;Rubik|700|||||||&#187; header_2_font_size=&#187;42px&#187; header_2_line_height=&#187;1.2em&#187; text_orientation=&#187;center&#187; module_alignment=&#187;center&#187; custom_margin=&#187;50px||||false|false&#187; custom_padding=&#187;||0px|||&#187; header_2_font_size_tablet=&#187;&#187; header_2_font_size_phone=&#187;36px&#187; header_2_font_size_last_edited=&#187;on|phone&#187; locked=&#187;off&#187; global_colors_info=&#187;{}&#187;]<\/p>\n<p><span>Bist du ein Talent, das wir noch nicht entdeckt haben? Kein Problem! Wir sind st\u00e4ndig auf der Suche nach grossartigen Menschen\u00a0 ob du dich auf eine ausgeschriebene Stelle bewirbst oder einfach mal spontan reinschneist. Bei uns ist immer Platz f\u00fcr neue, coole Teamplayer<\/span><\/p>\n<p>[\/et_pb_text][et_pb_divider _builder_version=&#187;4.16&#8243; locked=&#187;off&#187; global_colors_info=&#187;{}&#187;][\/et_pb_divider][\/et_pb_column][\/et_pb_row][et_pb_row _builder_version=&#187;4.27.4&#8243; _module_preset=&#187;default&#187; global_colors_info=&#187;{}&#187;][et_pb_column type=&#187;4_4&#8243; _builder_version=&#187;4.27.4&#8243; _module_preset=&#187;default&#187; global_colors_info=&#187;{}&#187;][et_pb_text _builder_version=&#187;4.27.4&#8243; _module_preset=&#187;default&#187; text_text_color=&#187;#FFFFFF&#187; header_text_color=&#187;#E02B20&#8243; header_2_text_color=&#187;#FFFFFF&#187; global_colors_info=&#187;{}&#187;]<\/p>\n<h1 style=\"text-align: center;\"><span>Offene Stellen und deine Chance auf eine neue Zukunft<\/span><\/h1>\n<p>[\/et_pb_text][et_pb_icon font_icon=&#187;&#x3b;||divi||400&#8243; icon_color=&#187;#ef5055&#8243; _builder_version=&#187;4.27.4&#8243; _module_preset=&#187;default&#187; animation_style=&#187;bounce&#187; animation_duration=&#187;1350ms&#187; animation_delay=&#187;350ms&#187; animation_starting_opacity=&#187;77%&#187; animation_speed_curve=&#187;ease-in&#187; global_colors_info=&#187;{}&#187;][\/et_pb_icon][\/et_pb_column][\/et_pb_row][et_pb_row column_structure=&#187;1_2,1_2&#8243; _builder_version=&#187;4.27.4&#8243; _module_preset=&#187;default&#187; max_width=&#187;1200px&#187; global_colors_info=&#187;{}&#187;][et_pb_column type=&#187;1_2&#8243; _builder_version=&#187;4.27.4&#8243; _module_preset=&#187;default&#187; global_colors_info=&#187;{}&#187;][\/et_pb_column][et_pb_column type=&#187;1_2&#8243; _builder_version=&#187;4.27.4&#8243; _module_preset=&#187;default&#187; global_colors_info=&#187;{}&#187;][\/et_pb_column][\/et_pb_row][et_pb_row disabled_on=&#187;off|off|off&#187; _builder_version=&#187;4.27.4&#8243; max_width=&#187;1200px&#187; custom_padding=&#187;||||false|false&#187; locked=&#187;off&#187; global_colors_info=&#187;{}&#187;][et_pb_column type=&#187;4_4&#8243; _builder_version=&#187;4.16&#8243; custom_padding=&#187;|||&#187; global_colors_info=&#187;{}&#187; custom_padding__hover=&#187;|||&#187;][et_pb_button button_url=&#187;mailto:info@kubafloor.ch&#187; button_text=&#187;Kontaktieren sie Uns&#187; button_alignment=&#187;center&#187; _builder_version=&#187;4.27.4&#8243; custom_button=&#187;on&#187; button_text_size=&#187;14px&#187; button_text_color=&#187;#ffffff&#187; button_border_width=&#187;4px&#187; button_border_color=&#187;#ef5055&#8243; button_border_radius=&#187;0px&#187; button_letter_spacing=&#187;4px&#187; button_font=&#187;Arimo|700||on|||||&#187; button_icon=&#187;&#x24;||divi||400&#8243; custom_margin=&#187;50px||50px||false|false&#187; custom_padding=&#187;12px|30px|12px|30px|true|true&#187; button_text_color_hover=&#187;#ffffff&#187; button_border_color_hover=&#187;#ffb400&#8243; button_bg_color_hover=&#187;#ffb400&#8243; locked=&#187;off&#187; global_colors_info=&#187;{}&#187; button_text_size__hover_enabled=&#187;off&#187; button_one_text_size__hover_enabled=&#187;off&#187; button_two_text_size__hover_enabled=&#187;off&#187; button_text_color__hover_enabled=&#187;on&#187; button_text_color__hover=&#187;#ffffff&#187; button_one_text_color__hover_enabled=&#187;off&#187; button_two_text_color__hover_enabled=&#187;off&#187; button_border_width__hover_enabled=&#187;off&#187; button_one_border_width__hover_enabled=&#187;off&#187; button_two_border_width__hover_enabled=&#187;off&#187; button_border_color__hover_enabled=&#187;on|hover&#187; button_border_color__hover=&#187;#e02f49&#8243; button_one_border_color__hover_enabled=&#187;off&#187; button_two_border_color__hover_enabled=&#187;off&#187; button_border_radius__hover_enabled=&#187;off&#187; button_one_border_radius__hover_enabled=&#187;off&#187; button_two_border_radius__hover_enabled=&#187;off&#187; button_letter_spacing__hover_enabled=&#187;off&#187; button_one_letter_spacing__hover_enabled=&#187;off&#187; button_two_letter_spacing__hover_enabled=&#187;off&#187; button_bg_color__hover_enabled=&#187;on&#187; button_bg_color__hover=&#187;#e02f49&#8243; button_one_bg_color__hover_enabled=&#187;off&#187; button_two_bg_color__hover_enabled=&#187;off&#187; button_bg_enable_color__hover=&#187;on&#187;][\/et_pb_button][et_pb_text _builder_version=&#187;4.27.4&#8243; text_font=&#187;||||||||&#187; header_font=&#187;||||||||&#187; header_2_font=&#187;Rubik|700|||||||&#187; header_2_font_size=&#187;42px&#187; header_2_line_height=&#187;1.2em&#187; text_orientation=&#187;center&#187; module_alignment=&#187;center&#187; custom_margin=&#187;50px||||false|false&#187; custom_padding=&#187;||0px|||&#187; header_2_font_size_tablet=&#187;&#187; header_2_font_size_phone=&#187;36px&#187; header_2_font_size_last_edited=&#187;on|phone&#187; locked=&#187;off&#187; global_colors_info=&#187;{}&#187;]<\/p>\n<p>Du hast das Talent, aus jedem Boden ein Meisterwerk zu machen oder Projekte so zu koordinieren, dass alles wie am Schn\u00fcrchen l\u00e4uft? Dann bist du bei uns genau richtig! Wir sind st\u00e4ndig auf der Suche nach kreativen K\u00f6pfen, die genauso viel Leidenschaft f\u00fcr fugenlose Wand- und Bodenbel\u00e4ge haben wie wir. Bei Kubafloor erwartet dich ein dynamisches Team, spannende Projekte und die M\u00f6glichkeit, bei jedem Job zu gl\u00e4nzen. Da wir kontinuierlich wachsen, suchen wir immer neue Leute, die unser Team bereichern.<\/p>\n<p><span style=\"color: #ef5055;\"><strong>Du bist bereit, bei uns durchzustarten? Dann zeig uns, was du drauf hast!<\/strong><\/span><br \/>Schick deine Bewerbung an: \ud83d\udce7 <strong><a rel=\"noopener\"><span>info<\/span><span>@kubafloor.ch<\/span><\/a><\/strong><\/p>\n<p>[\/et_pb_text][\/et_pb_column][\/et_pb_row][\/et_pb_section][et_pb_section fb_built=&#187;1&#8243; _builder_version=&#187;4.27.4&#8243; _module_preset=&#187;default&#187; background_color=&#187;#FFFFFF&#187; background_enable_image=&#187;off&#187; background_position=&#187;bottom_center&#187; global_colors_info=&#187;{}&#187;][et_pb_row column_structure=&#187;1_3,1_3,1_3&#8243; _builder_version=&#187;4.27.4&#8243; _module_preset=&#187;default&#187; custom_padding=&#187;50px|50px|50px|50px|false|false&#187; global_colors_info=&#187;{}&#187;][et_pb_column type=&#187;1_3&#8243; _builder_version=&#187;4.27.4&#8243; _module_preset=&#187;default&#187; global_colors_info=&#187;{}&#187;][et_pb_video src=&#187;https:\/\/kubafloor.ch\/wp-content\/uploads\/2024\/12\/bodengiessen.mp4&#8243; _builder_version=&#187;4.27.4&#8243; _module_preset=&#187;default&#187; global_colors_info=&#187;{}&#187;][\/et_pb_video][\/et_pb_column][et_pb_column type=&#187;1_3&#8243; _builder_version=&#187;4.27.4&#8243; _module_preset=&#187;default&#187; global_colors_info=&#187;{}&#187;][et_pb_video src=&#187;https:\/\/kubafloor.ch\/wp-content\/uploads\/2024\/12\/Treppen.mp4&#8243; _builder_version=&#187;4.27.4&#8243; _module_preset=&#187;default&#187; global_colors_info=&#187;{}&#187;][\/et_pb_video][\/et_pb_column][et_pb_column type=&#187;1_3&#8243; _builder_version=&#187;4.27.4&#8243; _module_preset=&#187;default&#187; global_colors_info=&#187;{}&#187;][et_pb_video src=&#187;https:\/\/kubafloor.ch\/wp-content\/uploads\/2024\/12\/Bodenschleifen.mp4&#8243; _builder_version=&#187;4.27.4&#8243; _module_preset=&#187;default&#187; global_colors_info=&#187;{}&#187;][\/et_pb_video][\/et_pb_column][\/et_pb_row][\/et_pb_section][et_pb_section fb_built=&#187;1&#8243; specialty=&#187;on&#187; admin_label=&#187;Footer Section&#187; _builder_version=&#187;4.27.4&#8243; _module_preset=&#187;default&#187; make_fullwidth=&#187;on&#187; global_colors_info=&#187;{}&#187;][et_pb_column type=&#187;1_2&#8243; _builder_version=&#187;4.16&#8243; background_color=&#187;#ffb400&#8243; custom_padding=&#187;|||&#187; global_colors_info=&#187;{}&#187; padding_tablet=&#187;|10%||10%||true&#187; padding_last_edited=&#187;on|phone&#187; custom_padding__hover=&#187;|||&#187; padding_phone=&#187;|10%||10%||true&#187;][et_pb_text module_id=&#187;kontakt&#187; _builder_version=&#187;4.16&#8243; text_font=&#187;||||||||&#187; text_text_color=&#187;#FFFFFF&#187; header_font=&#187;||||||||&#187; header_2_font=&#187;Rubik|700|||||||&#187; header_2_font_size=&#187;42px&#187; header_2_line_height=&#187;1.2em&#187; text_orientation=&#187;center&#187; background_layout=&#187;dark&#187; module_alignment=&#187;center&#187; custom_margin=&#187;|||&#187; custom_padding=&#187;|||&#187; header_2_font_size_tablet=&#187;&#187; header_2_font_size_phone=&#187;36px&#187; header_2_font_size_last_edited=&#187;on|phone&#187; locked=&#187;off&#187; global_colors_info=&#187;{}&#187;]<\/p>\n<h2 style=\"text-align: center;\">Kontakt\/Anfragen\u00a0<\/h2>\n<p>[\/et_pb_text][et_pb_text _builder_version=&#187;4.27.4&#8243; text_text_color=&#187;#FFFFFF&#187; custom_margin=&#187;||0px||false|false&#187; custom_padding=&#187;||0px||false|false&#187; global_colors_info=&#187;{}&#187;]<\/p>\n<p style=\"text-align: center;\">Bitte per Email kontaktieren.<\/p>\n<p>[\/et_pb_text][et_pb_divider _builder_version=&#187;4.27.4&#8243; custom_padding=&#187;||300px||false|false&#187; custom_padding_tablet=&#187;||20px||false|false&#187; custom_padding_phone=&#187;||20px||false|false&#187; custom_padding_last_edited=&#187;on|tablet&#187; locked=&#187;off&#187; global_colors_info=&#187;{}&#187;][\/et_pb_divider][\/et_pb_column][et_pb_column type=&#187;1_2&#8243; specialty_columns=&#187;2&#8243; _builder_version=&#187;4.16&#8243; custom_padding=&#187;|||&#187; global_colors_info=&#187;{}&#187; custom_padding__hover=&#187;|||&#187;][et_pb_row_inner column_structure=&#187;1_2,1_2&#8243; custom_padding_last_edited=&#187;on|desktop&#187; _builder_version=&#187;4.27.4&#8243; custom_padding=&#187;50px|6vw|10px|6vw|false|true&#187; custom_padding_tablet=&#187;|3vw||3vw||true&#187; custom_padding_phone=&#187;&#187; global_colors_info=&#187;{}&#187;][et_pb_column_inner type=&#187;1_2&#8243; saved_specialty_column_type=&#187;1_2&#8243; _builder_version=&#187;4.16&#8243; custom_padding=&#187;|||&#187; global_colors_info=&#187;{}&#187; custom_padding__hover=&#187;|||&#187;][et_pb_blurb use_icon=&#187;on&#187; font_icon=&#187;&#xe081;||divi||400&#8243; icon_color=&#187;#666666&#8243; icon_placement=&#187;left&#187; image_icon_width=&#187;18px&#187; content_max_width=&#187;1100px&#187; _builder_version=&#187;4.27.4&#8243; header_font=&#187;Rubik||||||||&#187; header_font_size=&#187;16px&#187; header_line_height=&#187;1.2em&#187; body_font=&#187;||||||||&#187; module_alignment=&#187;center&#187; custom_margin=&#187;||20px|&#187; animation=&#187;off&#187; icon_font_size=&#187;18px&#187; locked=&#187;off&#187; global_colors_info=&#187;{}&#187;]<\/p>\n<p><strong>Hauptsitz<\/strong><\/p>\n<p><strong>Kubafloor GmbH\u00a0 \u00a0 \u00a0 \u00a0 \u00a0 \u00a0 \u00a0 \u00a0<\/strong><br \/>Biberiststrasse 7<br \/>4563 Gerlafingen<\/p>\n<p>[\/et_pb_blurb][et_pb_blurb use_icon=&#187;on&#187; font_icon=&#187;&#xe081;||divi||400&#8243; icon_color=&#187;#666666&#8243; icon_placement=&#187;left&#187; image_icon_width=&#187;18px&#187; content_max_width=&#187;1100px&#187; _builder_version=&#187;4.27.4&#8243; header_font=&#187;Rubik||||||||&#187; header_font_size=&#187;16px&#187; header_line_height=&#187;1.2em&#187; body_font=&#187;||||||||&#187; module_alignment=&#187;center&#187; custom_margin=&#187;||20px|&#187; animation=&#187;off&#187; icon_font_size=&#187;18px&#187; locked=&#187;off&#187; global_colors_info=&#187;{}&#187;]<\/p>\n<p><strong>Schowroom<\/strong><\/p>\n<p><strong>Kubafloor GmbH\u00a0 \u00a0 \u00a0 \u00a0 \u00a0 \u00a0 \u00a0 \u00a0<\/strong><br \/>Werkstrasse 19<\/p>\n<p>3428 Wiler b.Utzenstorf<\/p>\n<p>[\/et_pb_blurb][et_pb_blurb title=&#187;+41 31 503 12 04&#8243; use_icon=&#187;on&#187; font_icon=&#187;&#xe090;||divi||400&#8243; icon_color=&#187;#666666&#8243; icon_placement=&#187;left&#187; image_icon_width=&#187;18px&#187; content_max_width=&#187;1100px&#187; _builder_version=&#187;4.16&#8243; header_font=&#187;Rubik||||||||&#187; header_font_size=&#187;16px&#187; header_line_height=&#187;1.2em&#187; body_font=&#187;||||||||&#187; module_alignment=&#187;center&#187; custom_margin=&#187;||20px|&#187; animation=&#187;off&#187; icon_font_size=&#187;18px&#187; locked=&#187;off&#187; global_colors_info=&#187;{}&#187;][\/et_pb_blurb][et_pb_blurb use_icon=&#187;on&#187; font_icon=&#187;&#xe076;||divi||400&#8243; icon_color=&#187;#666666&#8243; icon_placement=&#187;left&#187; image_icon_width=&#187;18px&#187; content_max_width=&#187;1100px&#187; module_id=&#187;kontakt&#187; _builder_version=&#187;4.16&#8243; header_font=&#187;Rubik||||||||&#187; header_font_size=&#187;16px&#187; header_line_height=&#187;1.2em&#187; body_font=&#187;||||||||&#187; module_alignment=&#187;center&#187; custom_margin=&#187;||20px|&#187; animation=&#187;off&#187; icon_font_size=&#187;18px&#187; locked=&#187;off&#187; global_colors_info=&#187;{}&#187;]<\/p>\n<h4><a href=\"mailto:info@kubafloor.ch\">info@kubafloor.ch<\/a><\/h4>\n<p>[\/et_pb_blurb][\/et_pb_column_inner][et_pb_column_inner type=&#187;1_2&#8243; saved_specialty_column_type=&#187;1_2&#8243; _builder_version=&#187;4.16&#8243; custom_padding=&#187;|||&#187; global_colors_info=&#187;{}&#187; custom_padding__hover=&#187;|||&#187;][\/et_pb_column_inner][\/et_pb_row_inner][\/et_pb_column][\/et_pb_section]<\/p>\n","protected":false},"excerpt":{"rendered":"<p>Deine Karriere, unser Ziel gemeinsam erfolgreichDu bringst das Talent, wir die Herausforderung!\u00a0Bist du ein Talent, das wir noch nicht entdeckt haben? Kein Problem! Wir sind st\u00e4ndig auf der Suche nach grossartigen Menschen\u00a0 ob du dich auf eine ausgeschriebene Stelle bewirbst oder einfach mal spontan reinschneist. Bei uns ist immer Platz f\u00fcr neue, coole TeamplayerOffene Stellen [&hellip;]<\/p>\n","protected":false},"author":3,"featured_media":0,"parent":954,"menu_order":20,"comment_status":"closed","ping_status":"closed","template":"","meta":{"_et_pb_use_builder":"on","_et_pb_old_content":"<!-- wp:divi\/placeholder \/-->","_et_gb_content_width":"","footnotes":""},"class_list":["post-1137","page","type-page","status-publish","hentry"],"yoast_head":"<!-- This site is optimized with the Yoast SEO plugin v27.6 - https:\/\/yoast.com\/product\/yoast-seo-wordpress\/ -->\n<title>Karriere - Kubafloor<\/title>\n<meta name=\"robots\" content=\"index, follow, max-snippet:-1, max-image-preview:large, max-video-preview:-1\" \/>\n<link rel=\"canonical\" href=\"https:\/\/kubafloor.ch\/?page_id=1137\" \/>\n<meta property=\"og:locale\" content=\"de_DE\" \/>\n<meta property=\"og:type\" content=\"article\" \/>\n<meta property=\"og:title\" content=\"Karriere - Kubafloor\" \/>\n<meta property=\"og:description\" content=\"Deine Karriere, unser Ziel gemeinsam erfolgreichDu bringst das Talent, wir die Herausforderung!\u00a0Bist du ein Talent, das wir noch nicht entdeckt haben? Kein Problem! Wir sind st\u00e4ndig auf der Suche nach grossartigen Menschen\u00a0 ob du dich auf eine ausgeschriebene Stelle bewirbst oder einfach mal spontan reinschneist. Bei uns ist immer Platz f\u00fcr neue, coole TeamplayerOffene Stellen [&hellip;]\" \/>\n<meta property=\"og:url\" content=\"https:\/\/kubafloor.ch\/?page_id=1137\" \/>\n<meta property=\"og:site_name\" content=\"Kubafloor\" \/>\n<meta property=\"article:modified_time\" content=\"2026-03-27T13:30:32+00:00\" \/>\n<meta name=\"twitter:card\" content=\"summary_large_image\" \/>\n<script type=\"application\/ld+json\" class=\"yoast-schema-graph\">{\"@context\":\"https:\\\/\\\/schema.org\",\"@graph\":[{\"@type\":\"WebPage\",\"@id\":\"https:\\\/\\\/kubafloor.ch\\\/?page_id=1137\",\"url\":\"https:\\\/\\\/kubafloor.ch\\\/?page_id=1137\",\"name\":\"Karriere - Kubafloor\",\"isPartOf\":{\"@id\":\"https:\\\/\\\/kubafloor.ch\\\/#website\"},\"datePublished\":\"2025-01-31T08:58:36+00:00\",\"dateModified\":\"2026-03-27T13:30:32+00:00\",\"breadcrumb\":{\"@id\":\"https:\\\/\\\/kubafloor.ch\\\/?page_id=1137#breadcrumb\"},\"inLanguage\":\"de-CH\",\"potentialAction\":[{\"@type\":\"ReadAction\",\"target\":[\"https:\\\/\\\/kubafloor.ch\\\/?page_id=1137\"]}]},{\"@type\":\"BreadcrumbList\",\"@id\":\"https:\\\/\\\/kubafloor.ch\\\/?page_id=1137#breadcrumb\",\"itemListElement\":[{\"@type\":\"ListItem\",\"position\":1,\"name\":\"Home\",\"item\":\"https:\\\/\\\/kubafloor.ch\\\/\"},{\"@type\":\"ListItem\",\"position\":2,\"name\":\"\u00dcber uns\",\"item\":\"https:\\\/\\\/kubafloor.ch\\\/?page_id=954\"},{\"@type\":\"ListItem\",\"position\":3,\"name\":\"Karriere\"}]},{\"@type\":\"WebSite\",\"@id\":\"https:\\\/\\\/kubafloor.ch\\\/#website\",\"url\":\"https:\\\/\\\/kubafloor.ch\\\/\",\"name\":\"Kubafloor\",\"description\":\"B\u00f6den und Bel\u00e4ge\",\"potentialAction\":[{\"@type\":\"SearchAction\",\"target\":{\"@type\":\"EntryPoint\",\"urlTemplate\":\"https:\\\/\\\/kubafloor.ch\\\/?s={search_term_string}\"},\"query-input\":{\"@type\":\"PropertyValueSpecification\",\"valueRequired\":true,\"valueName\":\"search_term_string\"}}],\"inLanguage\":\"de-CH\"}]}<\/script>\n<!-- \/ Yoast SEO plugin. -->","yoast_head_json":{"title":"Karriere - Kubafloor","robots":{"index":"index","follow":"follow","max-snippet":"max-snippet:-1","max-image-preview":"max-image-preview:large","max-video-preview":"max-video-preview:-1"},"canonical":"https:\/\/kubafloor.ch\/?page_id=1137","og_locale":"de_DE","og_type":"article","og_title":"Karriere - Kubafloor","og_description":"Deine Karriere, unser Ziel gemeinsam erfolgreichDu bringst das Talent, wir die Herausforderung!\u00a0Bist du ein Talent, das wir noch nicht entdeckt haben? Kein Problem! Wir sind st\u00e4ndig auf der Suche nach grossartigen Menschen\u00a0 ob du dich auf eine ausgeschriebene Stelle bewirbst oder einfach mal spontan reinschneist. Bei uns ist immer Platz f\u00fcr neue, coole TeamplayerOffene Stellen [&hellip;]","og_url":"https:\/\/kubafloor.ch\/?page_id=1137","og_site_name":"Kubafloor","article_modified_time":"2026-03-27T13:30:32+00:00","twitter_card":"summary_large_image","schema":{"@context":"https:\/\/schema.org","@graph":[{"@type":"WebPage","@id":"https:\/\/kubafloor.ch\/?page_id=1137","url":"https:\/\/kubafloor.ch\/?page_id=1137","name":"Karriere - Kubafloor","isPartOf":{"@id":"https:\/\/kubafloor.ch\/#website"},"datePublished":"2025-01-31T08:58:36+00:00","dateModified":"2026-03-27T13:30:32+00:00","breadcrumb":{"@id":"https:\/\/kubafloor.ch\/?page_id=1137#breadcrumb"},"inLanguage":"de-CH","potentialAction":[{"@type":"ReadAction","target":["https:\/\/kubafloor.ch\/?page_id=1137"]}]},{"@type":"BreadcrumbList","@id":"https:\/\/kubafloor.ch\/?page_id=1137#breadcrumb","itemListElement":[{"@type":"ListItem","position":1,"name":"Home","item":"https:\/\/kubafloor.ch\/"},{"@type":"ListItem","position":2,"name":"\u00dcber uns","item":"https:\/\/kubafloor.ch\/?page_id=954"},{"@type":"ListItem","position":3,"name":"Karriere"}]},{"@type":"WebSite","@id":"https:\/\/kubafloor.ch\/#website","url":"https:\/\/kubafloor.ch\/","name":"Kubafloor","description":"B\u00f6den und Bel\u00e4ge","potentialAction":[{"@type":"SearchAction","target":{"@type":"EntryPoint","urlTemplate":"https:\/\/kubafloor.ch\/?s={search_term_string}"},"query-input":{"@type":"PropertyValueSpecification","valueRequired":true,"valueName":"search_term_string"}}],"inLanguage":"de-CH"}]}},"_links":{"self":[{"href":"https:\/\/kubafloor.ch\/index.php?rest_route=\/wp\/v2\/pages\/1137","targetHints":{"allow":["GET"]}}],"collection":[{"href":"https:\/\/kubafloor.ch\/index.php?rest_route=\/wp\/v2\/pages"}],"about":[{"href":"https:\/\/kubafloor.ch\/index.php?rest_route=\/wp\/v2\/types\/page"}],"author":[{"embeddable":true,"href":"https:\/\/kubafloor.ch\/index.php?rest_route=\/wp\/v2\/users\/3"}],"replies":[{"embeddable":true,"href":"https:\/\/kubafloor.ch\/index.php?rest_route=%2Fwp%2Fv2%2Fcomments&post=1137"}],"version-history":[{"count":21,"href":"https:\/\/kubafloor.ch\/index.php?rest_route=\/wp\/v2\/pages\/1137\/revisions"}],"predecessor-version":[{"id":1360,"href":"https:\/\/kubafloor.ch\/index.php?rest_route=\/wp\/v2\/pages\/1137\/revisions\/1360"}],"up":[{"embeddable":true,"href":"https:\/\/kubafloor.ch\/index.php?rest_route=\/wp\/v2\/pages\/954"}],"wp:attachment":[{"href":"https:\/\/kubafloor.ch\/index.php?rest_route=%2Fwp%2Fv2%2Fmedia&parent=1137"}],"curies":[{"name":"wp","href":"https:\/\/api.w.org\/{rel}","templated":true}]}}